{"id":100,"date":"2024-02-02T19:29:53","date_gmt":"2024-02-02T19:29:53","guid":{"rendered":"https:\/\/vanguardateste2.com.br\/uiaraamazon\/?page_id=100"},"modified":"2024-02-02T19:34:13","modified_gmt":"2024-02-02T19:34:13","slug":"politica-de-privacidade","status":"publish","type":"page","link":"https:\/\/vanguardateste2.com.br\/uiaraamazon\/politica-de-privacidade\/","title":{"rendered":"Pol\u00edtica de Privacidade"},"content":{"rendered":"\t\t<div data-elementor-type=\"wp-page\" data-elementor-id=\"100\" class=\"elementor elementor-100\" data-elementor-post-type=\"page\">\n\t\t\t\t<div class=\"elementor-element elementor-element-685a071 e-flex e-con-boxed e-con e-parent\" data-id=\"685a071\" data-element_type=\"container\" data-settings=\"{&quot;background_background&quot;:&quot;classic&quot;}\">\n\t\t\t\t\t<div class=\"e-con-inner\">\n\t\t<div class=\"elementor-element elementor-element-d187ab2 e-con-full e-flex e-con e-child\" data-id=\"d187ab2\" data-element_type=\"container\">\n\t\t\t\t<div class=\"elementor-element elementor-element-b0a4b81 elementor-invisible elementor-widget elementor-widget-heading\" data-id=\"b0a4b81\" data-element_type=\"widget\" data-settings=\"{&quot;_animation&quot;:&quot;fadeIn&quot;}\" data-widget_type=\"heading.default\">\n\t\t\t\t<div class=\"elementor-widget-container\">\n\t\t\t<style>\/*! elementor - v3.22.0 - 24-06-2024 *\/\n.elementor-heading-title{padding:0;margin:0;line-height:1}.elementor-widget-heading .elementor-heading-title[class*=elementor-size-]>a{color:inherit;font-size:inherit;line-height:inherit}.elementor-widget-heading .elementor-heading-title.elementor-size-small{font-size:15px}.elementor-widget-heading .elementor-heading-title.elementor-size-medium{font-size:19px}.elementor-widget-heading .elementor-heading-title.elementor-size-large{font-size:29px}.elementor-widget-heading .elementor-heading-title.elementor-size-xl{font-size:39px}.elementor-widget-heading .elementor-heading-title.elementor-size-xxl{font-size:59px}<\/style><h2 class=\"elementor-heading-title elementor-size-default\">Pol\u00edtica de Privacidade<\/h2>\t\t<\/div>\n\t\t\t\t<\/div>\n\t\t\t\t<\/div>\n\t\t\t\t\t<\/div>\n\t\t\t\t<\/div>\n\t\t<div class=\"elementor-element elementor-element-d49af87 e-flex e-con-boxed e-con e-parent\" data-id=\"d49af87\" data-element_type=\"container\">\n\t\t\t\t\t<div class=\"e-con-inner\">\n\t\t\t\t<div class=\"elementor-element elementor-element-3616c47 elementor-widget elementor-widget-text-editor\" data-id=\"3616c47\" data-element_type=\"widget\" data-widget_type=\"text-editor.default\">\n\t\t\t\t<div class=\"elementor-widget-container\">\n\t\t\t<style>\/*! elementor - v3.22.0 - 24-06-2024 *\/\n.elementor-widget-text-editor.elementor-drop-cap-view-stacked .elementor-drop-cap{background-color:#69727d;color:#fff}.elementor-widget-text-editor.elementor-drop-cap-view-framed .elementor-drop-cap{color:#69727d;border:3px solid;background-color:transparent}.elementor-widget-text-editor:not(.elementor-drop-cap-view-default) .elementor-drop-cap{margin-top:8px}.elementor-widget-text-editor:not(.elementor-drop-cap-view-default) .elementor-drop-cap-letter{width:1em;height:1em}.elementor-widget-text-editor .elementor-drop-cap{float:left;text-align:center;line-height:1;font-size:50px}.elementor-widget-text-editor .elementor-drop-cap-letter{display:inline-block}<\/style>\t\t\t\t<p><strong>O QUE FAREMOS COM AS INFORMA\u00c7\u00d5ES COLETADAS?<\/strong><\/p><p><br \/>Quando voc\u00ea acessa nosso site, tamb\u00e9m recebemos automaticamente o protocolo de internet do seu computador, endere\u00e7o de IP, a fim de obter informa\u00e7\u00f5es que nos ajudam a aprender sobre seu navegador e sistema operacional.<\/p><p>Email Marketing ser\u00e1 realizado caso voc\u00ea permita. Nestes emails voc\u00ea poder\u00e1 receber not\u00edcias, ofertas e atualiza\u00e7\u00f5es.<\/p><p><strong>CONSENTIMENTO<\/strong><\/p><p>Como voc\u00eas obt\u00eam meu consentimento?<\/p><p>Quando voc\u00ea fornece informa\u00e7\u00f5es pessoais como nome, telefone e endere\u00e7o, para completar: uma transa\u00e7\u00e3o, verificar seu cart\u00e3o de cr\u00e9dito, fazer um pedido ou solicitar informa\u00e7\u00f5es. Ap\u00f3s a realiza\u00e7\u00e3o de a\u00e7\u00f5es entendemos que voc\u00ea est\u00e1 de acordo com a coleta de dados para serem utilizados pela nossa empresa.<\/p><p>Se pedimos por suas informa\u00e7\u00f5es pessoais por uma raz\u00e3o secund\u00e1ria, como marketing, vamos lhe pedir diretamente por seu consentimento, ou lhe fornecer a oportunidade de dizer n\u00e3o.<\/p><p>E caso voc\u00ea queira retirar seu consentimento, como proceder?<\/p><p>Se ap\u00f3s voc\u00ea nos fornecer seus dados, voc\u00ea mudar de ideia, voc\u00ea pode retirar o seu consentimento para que possamos entrar em contato, para a cole\u00e7\u00e3o de dados cont\u00ednua, uso ou divulga\u00e7\u00e3o de suas informa\u00e7\u00f5es, a qualquer momento, entrando em contato conosco atrav\u00e9s da p\u00e1gina de contato do site.<\/p><p><strong>DIVULGA\u00c7\u00c3O<\/strong><\/p><p>Podemos divulgar suas informa\u00e7\u00f5es pessoais caso sejamos obrigados pela lei para faz\u00ea-lo ou se voc\u00ea violar nossos Termos de Servi\u00e7o.<\/p><p><strong>SERVI\u00c7OS DE TERCEIROS<\/strong><\/p><p>No geral, os fornecedores terceirizados usados por n\u00f3s ir\u00e3o apenas coletar, usar e divulgar suas informa\u00e7\u00f5es na medida do necess\u00e1rio para permitir que eles realizem os servi\u00e7os que eles nos fornecem.<\/p><p>Entretanto, certos fornecedores de servi\u00e7os terceirizados, tais como gateways de pagamento e outros processadores de transa\u00e7\u00e3o de pagamento, t\u00eam suas pr\u00f3prias pol\u00edticas de privacidade com respeito \u00e0 informa\u00e7\u00e3o que somos obrigados a fornecer para eles de suas transa\u00e7\u00f5es relacionadas com compras.<\/p><p>Para esses fornecedores, recomendamos que voc\u00ea leia suas pol\u00edticas de privacidade para que voc\u00ea possa entender a maneira na qual suas informa\u00e7\u00f5es pessoais ser\u00e3o usadas por esses fornecedores.<\/p><p>Em particular, lembre-se que certos fornecedores podem ser localizados em ou possuir instala\u00e7\u00f5es que s\u00e3o localizadas em jurisdi\u00e7\u00f5es diferentes que voc\u00ea ou n\u00f3s. Assim, se voc\u00ea quer continuar com uma transa\u00e7\u00e3o que envolve os servi\u00e7os de um fornecedor de servi\u00e7o terceirizado, ent\u00e3o suas informa\u00e7\u00f5es podem tornar-se sujeitas \u00e0s leis da(s) jurisdi\u00e7\u00e3o(\u00f5es) nas quais o fornecedor de servi\u00e7o ou suas instala\u00e7\u00f5es est\u00e3o localizados.<\/p><p>Como um exemplo, se voc\u00ea est\u00e1 localizado no Canad\u00e1 e sua transa\u00e7\u00e3o \u00e9 processada por um gateway de pagamento localizado nos Estados Unidos, ent\u00e3o suas informa\u00e7\u00f5es pessoais usadas para completar aquela transa\u00e7\u00e3o podem estar sujeitas a divulga\u00e7\u00e3o sob a legisla\u00e7\u00e3o dos Estados Unidos, incluindo o Ato Patriota.<\/p><p>Uma vez que voc\u00ea deixe o nosso site ou seja redirecionado para um aplicativo ou site de terceiros, voc\u00ea n\u00e3o ser\u00e1 mais regido por essa Pol\u00edtica de Privacidade ou pelos Termos de Servi\u00e7o do nosso site.<\/p><p>Links<\/p><p>Quando voc\u00ea clica em links na nossa loja, eles podem lhe direcionar para fora do nosso site. N\u00e3o somos respons\u00e1veis pelas pr\u00e1ticas de privacidade de outros sites e lhe incentivamos a ler as declara\u00e7\u00f5es de privacidade deles.<\/p><p><strong>SEGURAN\u00c7A<\/strong><\/p><p>Para proteger suas informa\u00e7\u00f5es pessoais, tomamos precau\u00e7\u00f5es razo\u00e1veis e seguimos as melhores pr\u00e1ticas da ind\u00fastria para nos certificar que elas n\u00e3o ser\u00e3o perdidas inadequadamente, usurpadas, acessadas, divulgadas, alteradas ou destru\u00eddas.<\/p><p><strong>ALTERA\u00c7\u00d5ES PARA ESSA POL\u00cdTICA DE PRIVACIDADE<\/strong><\/p><p>Reservamos o direito de modificar essa pol\u00edtica de privacidade a qualquer momento, ent\u00e3o por favor, revise-a com frequ\u00eancia. Altera\u00e7\u00f5es e esclarecimentos v\u00e3o surtir efeito imediatamente ap\u00f3s sua publica\u00e7\u00e3o no site. Se fizermos altera\u00e7\u00f5es de materiais para essa pol\u00edtica, iremos notific\u00e1-lo aqui que eles foram atualizados, para que voc\u00ea tenha ci\u00eancia sobre quais informa\u00e7\u00f5es coletamos, como as usamos, e sob que circunst\u00e2ncias, se alguma, usamos e\/ou divulgamos elas.<\/p><p>Se nossa loja for adquirida ou fundida com outra empresa, suas informa\u00e7\u00f5es podem ser transferidas para os novos propriet\u00e1rios para que possamos continuar a vender produtos para voc\u00ea.<\/p><p><strong>Pol\u00edtica de Cookies<\/strong><\/p><p><strong>O QUE S\u00c3O COOKIES?<\/strong><\/p><p>Como \u00e9 pr\u00e1tica comum em quase todos os sites profissionais, este site usa cookies, que s\u00e3o pequenos arquivos baixados no seu computador, para melhorar sua experi\u00eancia. Esta p\u00e1gina descreve quais informa\u00e7\u00f5es eles coletam, como as usamos e por que \u00e0s vezes precisamos armazenar esses cookies. Tamb\u00e9m compartilharemos como voc\u00ea pode impedir que esses cookies sejam armazenados, no entanto, isso pode fazer o downgrade ou \u2018quebrar\u2019 certos elementos da funcionalidade do site.<\/p><p><strong>COMO USAMOS OS COOKIES?<\/strong><\/p><p>Utilizamos cookies por v\u00e1rios motivos, detalhados abaixo. Infelizmente, na maioria dos casos, n\u00e3o existem op\u00e7\u00f5es padr\u00e3o do setor para desativar os cookies sem desativar completamente a funcionalidade e os recursos que eles adicionam a este site. \u00c9 recomend\u00e1vel que voc\u00ea deixe todos os cookies se n\u00e3o tiver certeza se precisa ou n\u00e3o deles, caso sejam usados \u200b\u200bpara fornecer um servi\u00e7o que voc\u00ea usa.<\/p><p><strong>DESATIVAR COOKIES<\/strong><\/p><p>Voc\u00ea pode impedir a configura\u00e7\u00e3o de cookies ajustando as configura\u00e7\u00f5es do seu navegador (consulte a Ajuda do navegador para saber como fazer isso). Esteja ciente de que a desativa\u00e7\u00e3o de cookies afetar\u00e1 a funcionalidade deste e de muitos outros sites que voc\u00ea visita. A desativa\u00e7\u00e3o de cookies geralmente resultar\u00e1 na desativa\u00e7\u00e3o de determinadas funcionalidades e recursos deste site. Portanto, \u00e9 recomend\u00e1vel que voc\u00ea n\u00e3o desative os cookies.<\/p><p><strong>COOKIES QUE DEFINIMOS<\/strong><\/p><p>Cookies relacionados a boletins por e-mail<\/p><p>Este site oferece servi\u00e7os de assinatura de boletim informativo ou e-mail e os cookies podem ser usados \u200b\u200bpara lembrar se voc\u00ea j\u00e1 est\u00e1 registrado e se deve mostrar determinadas notifica\u00e7\u00f5es v\u00e1lidas apenas para usu\u00e1rios inscritos \/ n\u00e3o inscritos.<\/p><p>Pedidos processando cookies relacionados<\/p><p>Este site oferece facilidades de com\u00e9rcio eletr\u00f4nico ou pagamento e alguns cookies s\u00e3o essenciais para garantir que seu pedido seja lembrado entre as p\u00e1ginas, para que possamos process\u00e1-lo adequadamente.<\/p><p>Cookies relacionados a pesquisas<\/p><p>Periodicamente, oferecemos pesquisas e question\u00e1rios para fornecer informa\u00e7\u00f5es interessantes, ferramentas \u00fateis ou para entender nossa base de usu\u00e1rios com mais precis\u00e3o. Essas pesquisas podem usar cookies para lembrar quem j\u00e1 participou numa pesquisa ou para fornecer resultados precisos ap\u00f3s a altera\u00e7\u00e3o das p\u00e1ginas.<\/p><p>Cookies relacionados a formul\u00e1rios<\/p><p>Quando voc\u00ea envia dados por meio de um formul\u00e1rio como os encontrados nas p\u00e1ginas de contacto ou nos formul\u00e1rios de coment\u00e1rios, os cookies podem ser configurados para lembrar os detalhes do usu\u00e1rio para correspond\u00eancia futura.<\/p><p>Cookies de prefer\u00eancias do site<\/p><p>Para proporcionar uma \u00f3tima experi\u00eancia neste site, fornecemos a funcionalidade para definir suas prefer\u00eancias de como esse site \u00e9 executado quando voc\u00ea o usa. Para lembrar suas prefer\u00eancias, precisamos definir cookies para que essas informa\u00e7\u00f5es possam ser chamadas sempre que voc\u00ea interagir com uma p\u00e1gina for afetada por suas prefer\u00eancias.<\/p><p><strong>COOKIES DE TERCEIROS<\/strong><\/p><p>Em alguns casos especiais, tamb\u00e9m usamos cookies fornecidos por terceiros confi\u00e1veis. A se\u00e7\u00e3o a seguir detalha quais cookies de terceiros voc\u00ea pode encontrar atrav\u00e9s deste site.<\/p><p>Este site usa o Google Analytics, que \u00e9 uma das solu\u00e7\u00f5es de an\u00e1lise mais difundidas e confi\u00e1veis \u200b\u200bda Web, para nos ajudar a entender como voc\u00ea usa o site e como podemos melhorar sua experi\u00eancia. Esses cookies podem rastrear itens como quanto tempo voc\u00ea gasta no site e as p\u00e1ginas visitadas, para que possamos continuar produzindo conte\u00fado atraente.<br \/>Para mais informa\u00e7\u00f5es sobre cookies do Google Analytics, consulte a p\u00e1gina oficial do Google Analytics.<\/p><p>As an\u00e1lises de terceiros s\u00e3o usadas para rastrear e medir o uso deste site, para que possamos continuar produzindo conte\u00fado atrativo. Esses cookies podem rastrear itens como o tempo que voc\u00ea passa no site ou as p\u00e1ginas visitadas, o que nos ajuda a entender como podemos melhorar o site para voc\u00ea.<\/p><p>Periodicamente, testamos novos recursos e fazemos altera\u00e7\u00f5es subtis na maneira como o site se apresenta. Quando ainda estamos testando novos recursos, esses cookies podem ser usados \u200b\u200bpara garantir que voc\u00ea receba uma experi\u00eancia consistente enquanto estiver no site, enquanto entendemos quais otimiza\u00e7\u00f5es os nossos usu\u00e1rios mais apreciam.<\/p><p>\u00c0 medida que vendemos produtos, \u00e9 importante entendermos as estat\u00edsticas sobre quantos visitantes de nosso site realmente compram e, portanto, esse \u00e9 o tipo de dados que esses cookies rastrear\u00e3o. Isso \u00e9 importante para voc\u00ea, pois significa que podemos fazer previs\u00f5es de neg\u00f3cios com precis\u00e3o que nos permitem analizar nossos custos de publicidade e produtos para garantir o melhor pre\u00e7o poss\u00edvel.<\/p>\t\t\t\t\t\t<\/div>\n\t\t\t\t<\/div>\n\t\t\t\t\t<\/div>\n\t\t\t\t<\/div>\n\t\t\t\t<\/div>\n\t\t","protected":false},"excerpt":{"rendered":"<p>O QUE FAREMOS COM AS INFORMA\u00c7\u00d5ES COLETADAS? Quando voc\u00ea acessa nosso site, tamb\u00e9m recebemos automaticamente o protocolo de internet do seu computador, endere\u00e7o de IP, a fim de obter informa\u00e7\u00f5es que nos ajudam a aprender sobre seu navegador e sistema operacional. Email Marketing ser\u00e1 realizado caso voc\u00ea permita. Nestes emails voc\u00ea poder\u00e1 receber not\u00edcias, ofertas [&hellip;]<\/p>\n","protected":false},"author":1,"featured_media":0,"parent":0,"menu_order":0,"comment_status":"closed","ping_status":"closed","template":"","meta":{"footnotes":""},"class_list":["post-100","page","type-page","status-publish","hentry"],"_links":{"self":[{"href":"https:\/\/vanguardateste2.com.br\/uiaraamazon\/wp-json\/wp\/v2\/pages\/100","targetHints":{"allow":["GET"]}}],"collection":[{"href":"https:\/\/vanguardateste2.com.br\/uiaraamazon\/wp-json\/wp\/v2\/pages"}],"about":[{"href":"https:\/\/vanguardateste2.com.br\/uiaraamazon\/wp-json\/wp\/v2\/types\/page"}],"author":[{"embeddable":true,"href":"https:\/\/vanguardateste2.com.br\/uiaraamazon\/wp-json\/wp\/v2\/users\/1"}],"replies":[{"embeddable":true,"href":"https:\/\/vanguardateste2.com.br\/uiaraamazon\/wp-json\/wp\/v2\/comments?post=100"}],"version-history":[{"count":4,"href":"https:\/\/vanguardateste2.com.br\/uiaraamazon\/wp-json\/wp\/v2\/pages\/100\/revisions"}],"predecessor-version":[{"id":104,"href":"https:\/\/vanguardateste2.com.br\/uiaraamazon\/wp-json\/wp\/v2\/pages\/100\/revisions\/104"}],"wp:attachment":[{"href":"https:\/\/vanguardateste2.com.br\/uiaraamazon\/wp-json\/wp\/v2\/media?parent=100"}],"curies":[{"name":"wp","href":"https:\/\/api.w.org\/{rel}","templated":true}]}}